{"id":172,"date":"2019-05-09T22:11:07","date_gmt":"2019-05-09T22:11:07","guid":{"rendered":"http:\/\/sw-themes.com\/porto_dummy\/?page_id=172"},"modified":"2024-11-13T00:51:54","modified_gmt":"2024-11-13T00:51:54","slug":"sobre-mi","status":"publish","type":"page","link":"https:\/\/borjaseguros.es\/index.php\/sobre-mi\/","title":{"rendered":"Sobre m\u00ed"},"content":{"rendered":"<h2    style=\"margin-bottom: 20px;\"><b>Borja <\/b>Moreno <\/h2>\n<p>Soy <strong>Borja Moreno<\/strong>, y formo parte de la oficina de Mapfre en <strong>Avenida Villanueva, Badajoz (06005)<\/strong>. Estoy completamente comprometido con ofrecer a mis clientes la mejor atenci\u00f3n y las soluciones m\u00e1s adecuadas para proteger lo que m\u00e1s valoran.<\/p>\n<p>Mi objetivo es combinar el respaldo y la confianza que aporta <strong>Mapfre<\/strong>, una marca l\u00edder en el mercado, con un trato cercano y personalizado. Para m\u00ed, los valores de <strong>seguridad, protecci\u00f3n y claridad<\/strong>\u00a0son fundamentales, y trabajo cada d\u00eda para que se reflejen en cada propuesta que ofrezco.<\/p>\n<p>Estoy ilusionado por crecer en esta profesi\u00f3n, ayudando a mis clientes a encontrar las mejores opciones, no solo en seguros, sino tambi\u00e9n en servicios complementarios como la <strong>asesor\u00eda financiera<\/strong>. Mi compromiso es claro: estar a su lado en todo momento, con soluciones adaptadas a sus necesidades y siempre con el respaldo de una marca de confianza como Mapfre.<\/p>\n<style>.porto-u-7353.porto-u-heading{text-align:inherit}<\/style>\n<p>\t\t\t\t\t\t\t\t\t\t\t\t\t<img loading=\"lazy\" decoding=\"async\" width=\"157\" height=\"50\" src=\"https:\/\/borjaseguros.es\/wp-content\/uploads\/2021\/08\/signature.png\" alt=\"\" \/><br \/>\n\t\t\t\t\t\t\tMarca personal para comercial de Seguros Mapfre<br \/>\n\t\t\t\t\t\t\t\t\t\t\t\t\t\tBorja moreno &#8211; comercial, oficina 06005 (badajoz)<br \/>\n\t\t\t35+Business Year<br \/>\n\t\t\t4000+Happy Customers<br \/>\n\t\t\t100+Agencias de seguros<br \/>\n\t\t\t50+Oficinas de seguros<br \/>\n\t\t\t\t\t\t\t\t\t\t\t\t\t<img decoding=\"async\" src=\"https:\/\/borjaseguros.es\/wp-content\/uploads\/elementor\/thumbs\/logo-8-qwaa316jzoc4saux79hw27buzdjzdr5foj226v7hpc.png\" title=\"logo-8\" alt=\"brand logo\" loading=\"lazy\" \/><br \/>\n\t\t\t\t\t\t\t\t\t\t\t\t\t<img decoding=\"async\" src=\"https:\/\/borjaseguros.es\/wp-content\/uploads\/elementor\/thumbs\/logo-9-qwaa316kllq2d09n8ol8uou1b4fp2orpbolq936m3s.png\" title=\"logo-9\" alt=\"logo-9\" loading=\"lazy\" \/><br \/>\n\t\t\t\t\t\t\t\t\t\t\t\t\t<img decoding=\"async\" src=\"https:\/\/borjaseguros.es\/wp-content\/uploads\/elementor\/thumbs\/logo-10-qwaa324esfrcom8a36zvf6lhwib2advfnt97qd57s0.png\" title=\"logo-10\" alt=\"logo-10\" loading=\"lazy\" \/><br \/>\n\t\t\t\t\t\t\t\t\t\t\t\t\t<img decoding=\"async\" src=\"https:\/\/borjaseguros.es\/wp-content\/uploads\/elementor\/thumbs\/logo-11-qwaa324esfrcom8a36zvf6lhwib2advfnt97qd57zs.png\" title=\"logo-11\" alt=\"brand logo\" loading=\"lazy\" \/><br \/>\n\t\t\t\t\t\t\t\t\t\t\t\t\t<img decoding=\"async\" src=\"https:\/\/borjaseguros.es\/wp-content\/uploads\/elementor\/thumbs\/logo-12-qwaa3328hqaajnv4wkj0k35m8hvgjqhcom9rk9ixdo.png\" title=\"logo-12\" alt=\"logo-12\" loading=\"lazy\" \/><br \/>\n\t\t\t\t\t\t\t\t\t\t\t\t\t<img decoding=\"async\" src=\"https:\/\/borjaseguros.es\/wp-content\/uploads\/elementor\/thumbs\/logo-13-qwaa34xwvecv6vsellc9p2ojf9m6z4otcvkqitg51i.png\" title=\"logo-13\" alt=\"brand logo\" loading=\"lazy\" \/><\/p>\n","protected":false},"excerpt":{"rendered":"<p>Borja Moreno Soy Borja Moreno, y formo parte de la oficina de Mapfre en Avenida Villanueva, Badajoz (06005). Estoy completamente comprometido con ofrecer a mis clientes la mejor atenci\u00f3n y las soluciones m\u00e1s adecuadas para proteger lo que m\u00e1s valoran. Mi objetivo es combinar el respaldo y la confianza que aporta Mapfre, una marca l\u00edder [&hellip;]<\/p>\n","protected":false},"author":1,"featured_media":0,"parent":0,"menu_order":0,"comment_status":"closed","ping_status":"closed","template":"","meta":{"footnotes":""},"class_list":["post-172","page","type-page","status-publish","hentry"],"_links":{"self":[{"href":"https:\/\/borjaseguros.es\/index.php\/wp-json\/wp\/v2\/pages\/172","targetHints":{"allow":["GET"]}}],"collection":[{"href":"https:\/\/borjaseguros.es\/index.php\/wp-json\/wp\/v2\/pages"}],"about":[{"href":"https:\/\/borjaseguros.es\/index.php\/wp-json\/wp\/v2\/types\/page"}],"author":[{"embeddable":true,"href":"https:\/\/borjaseguros.es\/index.php\/wp-json\/wp\/v2\/users\/1"}],"replies":[{"embeddable":true,"href":"https:\/\/borjaseguros.es\/index.php\/wp-json\/wp\/v2\/comments?post=172"}],"version-history":[{"count":7,"href":"https:\/\/borjaseguros.es\/index.php\/wp-json\/wp\/v2\/pages\/172\/revisions"}],"predecessor-version":[{"id":3766,"href":"https:\/\/borjaseguros.es\/index.php\/wp-json\/wp\/v2\/pages\/172\/revisions\/3766"}],"wp:attachment":[{"href":"https:\/\/borjaseguros.es\/index.php\/wp-json\/wp\/v2\/media?parent=172"}],"curies":[{"name":"wp","href":"https:\/\/api.w.org\/{rel}","templated":true}]}}